{"id":691,"date":"2016-08-21T21:09:45","date_gmt":"2016-08-21T21:09:45","guid":{"rendered":"http:\/\/lingenio.de\/?page_id=691"},"modified":"2016-08-23T16:21:16","modified_gmt":"2016-08-23T16:21:16","slug":"translation-templates-builder","status":"publish","type":"page","link":"https:\/\/lingenio.de\/en\/services\/configuration-of-tools\/translation-templates-builder\/","title":{"rendered":"Translation Templates Builder"},"content":{"rendered":"<p style=\"text-align: justify;\">The Translation Templates Builder creates templates of translation memory entries from bilingual text.\u00a0 Translation templates are parts of sentences annotated by linguistic information and containing variables for arguments to be filled in.<\/p>\n<p style=\"text-align: justify;\">The template memory can be used like a conventional translation memory (TM)\u00a0 with the important advantage that its coverage is significantly larger as sentences which cannot be matched to the sentences available in the TM for lack of similarity, now, nevertheless, may be translatable by TM information (completely or partly),\u00a0 if its parts (or a subset of its parts) satisfy the constraints of the templates found.<\/p>\n<p style=\"text-align: justify;\">The tool uses an extension of the feature AutoLearn&lt;word&gt; which is available in the Lingenio product <em><a href=\"http:\/\/lingenio.de\/en\/products\/translation-systems\/translate-pro\/\">translate 12.1 pro<\/a><\/em>.<\/p>\n<p style=\"text-align: justify;\"><em>AutoLearn&lt;structure&gt;<\/em> extends <em>AutoLearn&lt;word&gt;<\/em> to larger phrases and creates transfer templates by generalizing arguments to broader constraints such that the template covers many use cases.<\/p>\n<h2 style=\"text-align: justify;\">Complex Verb Frames<\/h2>\n<p style=\"text-align: justify;\">A first type of examples are complex verb frames, as in the following:<\/p>\n<div class=\"table-responsive\"><table  style=\"width:100%; \"  class=\"easy-table easy-table-default \" border=\"0\">\n<tbody>\r\n<tr><td >einstellen (subj:NP1, obj:NP2, durch-PP:NP3)<\/td>\n<\/tr>\n\r\n<tr><td >establish (subj:\u03c4(NP1), obj: \u03c4(NP3) (in: \u03c4(NP2)))<\/td>\n<\/tr>\n<\/tbody><\/table><\/div>\n<p>A reference (from the <a href=\"http:\/\/www.statmt.org\/europarl\/\">Europarl Corpus<\/a>):<\/p>\n<blockquote><p>Feindseligkeiten einstellen durch Waffenstillstand \u2013\u00a0establish cease-fire in hostilities<\/p><\/blockquote>\n<hr \/>\n<div class=\"table-responsive\"><table  style=\"width:100%; \"  class=\"easy-table easy-table-default \" border=\"0\">\n<tbody>\r\n<tr><td >m\u00f6chten (subj:NP1, adv:regelm\u00e4\u00dfig, inf(informieren(zu:(Thema (apos:NP2))) &amp; vp(p))<\/td>\n<\/tr>\n\r\n<tr><td >wish(subj:\u03c4(NP1), inf:receive(obj:information(adj:regular, about: \u03c4(NP2))))<\/td>\n<\/tr>\n<\/tbody><\/table><\/div>\n<p>A reference (from the <a href=\"http:\/\/www.statmt.org\/europarl\/\" target=\"_self\">Europarl Corpus<\/a>) is:<\/p>\n<blockquote>\n<p style=\"text-align: justify;\">Sie m\u00f6chten regelm\u00e4\u00dfig zum Thema Solvency II informiert werden? \u2013\u00a0You wish to receive regular information about Solvency II?<\/p>\n<\/blockquote>\n<h2>Subclauses of Sentences<\/h2>\n<p style=\"text-align: justify;\">A second type relates to subclauses of sentences, for instance the task to represent the relative clause as first conjunct of a coordination with the main clause of the source sentence as the second conjunct!<\/p>\n<div class=\"table-responsive\"><table  style=\"width:100%; \"  class=\"easy-table easy-table-default \" border=\"0\">\n<tbody>\r\n<tr><td >can(subj:NP1(rel:V1(subj:rpro,obj:NP2)),inf:V2(obj:NP3),through:NP4)<\/td>\n<\/tr>\n\r\n<tr><td >\u03c4(V1)(subj: \u03c4(NP1),obj: \u03c4(NP2)) and \u03c4(V2)(subj:pro(\u03c4(NP1)), obj: \u03c4(NP3),durch: \u03c4(NP4))<\/td>\n<\/tr>\n<\/tbody><\/table><\/div>\n<p>Example:<\/p>\n<blockquote><p>The company which had taken over the service provider could double revenues through the broader portfolio.<\/p>\n<p>Das Unternehmen \u00fcbernahm den Dienstanbieter und es verdoppelte die Eink\u00fcnfte durch das breitere Portfolio<\/p><\/blockquote>\n<hr \/>\n<div class=\"span-14-10\">\n<div class=\"middle-slot\">\n<div class=\"article\">\n<div>\n<p>Please contact us for further information, prices and individual advice by sending\u00a0us an <a href=\"mailto:info@lingenio.de\" target=\"_self\">e-mail<\/a>.<\/p>\n<\/div>\n<\/div>\n<\/div>\n<\/div>\n\n","protected":false},"excerpt":{"rendered":"<p>The Translation Templates Builder creates templates of translation memory entries from bilingual text.\u00a0 Translation templates are parts of sentences annotated by linguistic information and containing variables for arguments to be filled in. The template memory can be used like a conventional translation memory (TM)\u00a0 with the important advantage that its coverage is significantly larger as &hellip; <a href=\"https:\/\/lingenio.de\/en\/services\/configuration-of-tools\/translation-templates-builder\/\" class=\"more-link\">Continue reading<span class=\"screen-reader-text\"> &#8220;Translation Templates Builder&#8221;<\/span><\/a><\/p>\n","protected":false},"author":3,"featured_media":0,"parent":652,"menu_order":0,"comment_status":"closed","ping_status":"closed","template":"","meta":{"_locale":"en_US","_original_post":"691","footnotes":""},"class_list":["post-691","page","type-page","status-publish","hentry","en-US"],"_links":{"self":[{"href":"https:\/\/lingenio.de\/wp-json\/wp\/v2\/pages\/691"}],"collection":[{"href":"https:\/\/lingenio.de\/wp-json\/wp\/v2\/pages"}],"about":[{"href":"https:\/\/lingenio.de\/wp-json\/wp\/v2\/types\/page"}],"author":[{"embeddable":true,"href":"https:\/\/lingenio.de\/wp-json\/wp\/v2\/users\/3"}],"replies":[{"embeddable":true,"href":"https:\/\/lingenio.de\/wp-json\/wp\/v2\/comments?post=691"}],"version-history":[{"count":14,"href":"https:\/\/lingenio.de\/wp-json\/wp\/v2\/pages\/691\/revisions"}],"predecessor-version":[{"id":1035,"href":"https:\/\/lingenio.de\/wp-json\/wp\/v2\/pages\/691\/revisions\/1035"}],"up":[{"embeddable":true,"href":"https:\/\/lingenio.de\/wp-json\/wp\/v2\/pages\/652"}],"wp:attachment":[{"href":"https:\/\/lingenio.de\/wp-json\/wp\/v2\/media?parent=691"}],"curies":[{"name":"wp","href":"https:\/\/api.w.org\/{rel}","templated":true}]}}